{"id":323,"date":"2026-04-22T15:12:04","date_gmt":"2026-04-22T14:12:04","guid":{"rendered":"https:\/\/stadiapoliticatours.com\/?page_id=323"},"modified":"2026-04-22T15:20:36","modified_gmt":"2026-04-22T14:20:36","slug":"bucarest-chisinau-tiraspol-28-08-05-09","status":"publish","type":"page","link":"https:\/\/stadiapoliticatours.com\/index.php\/bucarest-chisinau-tiraspol-28-08-05-09\/","title":{"rendered":"Bucarest, Chi\u0219in\u0103u et Transnistrie (28\/08-05\/09)"},"content":{"rendered":"\n<p><\/p>\n\n\n\n<h1 class=\"wp-block-heading\">Voyage g\u00e9opolitique et footballistique en Europe de l\u2019Est : Bucarest, Chi\u0219in\u0103u et Transnistrie (28\/08-05\/09)<\/h1>\n\n\n\n<h2 class=\"wp-block-heading\" id=\"2241987-id\">Pr\u00e9sentation du voyage<\/h2>\n\n\n\n<p id=\"isPasted\"><strong>Du 28 ao\u00fbt au 5 septembre (9j &#8211; 8 nuits) <\/strong><\/p>\n\n\n\n<p>Partez pour une <strong>immersion unique en Europe de l\u2019Est<\/strong>, au croisement de la g\u00e9opolitique et du football. Entre <strong>Bucarest, Chi\u0219in\u0103u et la Transnistrie<\/strong>, vous d\u00e9couvrirez une r\u00e9gion m\u00e9connue o\u00f9 se m\u00ealent h\u00e9ritage sovi\u00e9tique, identit\u00e9s multiples et territoires non reconnus.<\/p>\n\n\n\n<p>Ce voyage combine <strong>lecture g\u00e9opolitique des villes<\/strong>, exploration urbaine et <strong>culture footballistique locale<\/strong>, pour comprendre le territoire autrement que par les circuits classiques.<\/p>\n\n\n\n<p>Moment fort : une nuit \u00e0 bord du <strong>train sovi\u00e9tique \u201cPrietenia\u201d<\/strong>, avec le spectaculaire changement de boggies \u00e0 la fronti\u00e8re moldave \u2014 une exp\u00e9rience rare et inoubliable.<\/p>\n\n\n\n<p>En partenariat avec :<a href=\"https:\/\/www.ampavoyages-selectour.fr\/\" target=\"_blank\" rel=\"noreferrer noopener\">&nbsp;Ampa Voyages.<\/a><\/p>\n\n\n\n<p><a href=\"sms:+33648641050\" target=\"_blank\" rel=\"noreferrer noopener\">Int\u00e9ress\u00e9 ? Envoyez-nous un message au : 06 48 64 10 50<\/a><\/p>\n\n\n\n<div class=\"wp-block-buttons is-content-justification-center is-layout-flex wp-container-core-buttons-is-layout-d90bb1cf wp-block-buttons-is-layout-flex\">\n<div class=\"wp-block-button\"><a class=\"wp-block-button__link wp-element-button\" href=\"sms:+33648641050\" target=\"_blank\" rel=\"noreferrer noopener\">Int\u00e9ress\u00e9 ? Envoyez-nous un message au : 06 48 64 10 50<\/a><\/div>\n<\/div>\n\n\n\n<h2 class=\"wp-block-heading\"><strong><strong>Programme d\u00e9taill\u00e9 envisag\u00e9* <\/strong><\/strong><\/h2>\n\n\n\n<p><\/p>\n\n\n\n<h2 class=\"wp-block-heading\"><strong>Jour 1 (Ven 28\/08)<\/strong><\/h2>\n\n\n\n<h3 class=\"wp-block-heading\"><strong>Arriv\u00e9e \u00e0 Bucarest + premier match<\/strong><\/h3>\n\n\n\n<figure class=\"wp-block-image size-large\"><img loading=\"lazy\" decoding=\"async\" width=\"1024\" height=\"593\" src=\"https:\/\/stadiapoliticatours.com\/wp-content\/uploads\/2026\/04\/image-7-1024x593.png\" alt=\"\" class=\"wp-image-331\" srcset=\"https:\/\/stadiapoliticatours.com\/wp-content\/uploads\/2026\/04\/image-7-1024x593.png 1024w, https:\/\/stadiapoliticatours.com\/wp-content\/uploads\/2026\/04\/image-7-300x174.png 300w, https:\/\/stadiapoliticatours.com\/wp-content\/uploads\/2026\/04\/image-7-768x445.png 768w, https:\/\/stadiapoliticatours.com\/wp-content\/uploads\/2026\/04\/image-7-1536x890.png 1536w, https:\/\/stadiapoliticatours.com\/wp-content\/uploads\/2026\/04\/image-7.png 2048w\" sizes=\"auto, (max-width: 1024px) 100vw, 1024px\" \/><\/figure>\n\n\n\n<ul class=\"wp-block-list\">\n<li>Installation \u00e0 l\u2019h\u00f4tel<\/li>\n\n\n\n<li>Introduction au voyage<\/li>\n\n\n\n<li><strong>Match du soir<\/strong>.<\/li>\n\n\n\n<li>D\u00e9brief : football roumain, identit\u00e9s urbaines, rivalit\u00e9s<\/li>\n<\/ul>\n\n\n\n<h2 class=\"wp-block-heading\"><strong>Jour 2 (Sam 29\/08)<\/strong><\/h2>\n\n\n\n<h3 class=\"wp-block-heading\"><strong>Steaua, Dinamo, Rapid : les clubs de l\u2019\u00c9tat profond<\/strong><\/h3>\n\n\n\n<figure class=\"wp-block-image size-large\"><img loading=\"lazy\" decoding=\"async\" width=\"1024\" height=\"768\" src=\"https:\/\/stadiapoliticatours.com\/wp-content\/uploads\/2026\/04\/image-3-1024x768.png\" alt=\"\" class=\"wp-image-327\" srcset=\"https:\/\/stadiapoliticatours.com\/wp-content\/uploads\/2026\/04\/image-3-1024x768.png 1024w, https:\/\/stadiapoliticatours.com\/wp-content\/uploads\/2026\/04\/image-3-300x225.png 300w, https:\/\/stadiapoliticatours.com\/wp-content\/uploads\/2026\/04\/image-3-768x576.png 768w, https:\/\/stadiapoliticatours.com\/wp-content\/uploads\/2026\/04\/image-3-1536x1153.png 1536w, https:\/\/stadiapoliticatours.com\/wp-content\/uploads\/2026\/04\/image-3.png 2011w\" sizes=\"auto, (max-width: 1024px) 100vw, 1024px\" \/><\/figure>\n\n\n\n<ul class=\"wp-block-list\">\n<li>Match du dimanche matin.<\/li>\n<\/ul>\n\n\n\n<ul class=\"wp-block-list\">\n<li>Visite Stade Dinamo<\/li>\n\n\n\n<li>Visite du Palais du Parlement&nbsp;<\/li>\n\n\n\n<li>Analyse : sport, pouvoir et contr\u00f4le social, rivalit\u00e9s.<\/li>\n\n\n\n<li>Achat de souvenirs des clubs.<\/li>\n\n\n\n<li><strong>Match du soir.<\/strong><\/li>\n<\/ul>\n\n\n\n<h2 class=\"wp-block-heading\"><strong>Jour 3 (Dim 30\/08)<\/strong><\/h2>\n\n\n\n<h3 class=\"wp-block-heading\"><strong>Bucarest monumental : Ceau\u0219escu et la ville remodel\u00e9e<\/strong><\/h3>\n\n\n\n<ul class=\"wp-block-list\">\n<li>Visite maison du couple Ceau\u0219escu<\/li>\n\n\n\n<li>Boulevard Unirii \/ Calea Victoriei \/ Piata Victoriei \/ Arcul de Triumf&nbsp;<\/li>\n\n\n\n<li>Focus Piata Revolutiei \/ m\u00e9tro Piata Romana&nbsp;<\/li>\n\n\n\n<li>Discussion : transition post\u20111989<\/li>\n<\/ul>\n\n\n\n<h3 class=\"wp-block-heading\"><strong>D\u00e9part avec le Prietenia, le train de nuit sovi\u00e9tique<\/strong><\/h3>\n\n\n\n<ul class=\"wp-block-list\">\n<li>Quartier libre<\/li>\n\n\n\n<li>18h15 : rendez-vous \u00e0 la Gara de Nord (pr\u00e9voir de quoi boire et grignoter sur le trajet)<\/li>\n\n\n\n<li>19h08 d\u00e9part du train de nuit Bucarest \u2192 Chi\u0219in\u0103u<\/li>\n\n\n\n<li>Nuit \u00e0 bord<\/li>\n<\/ul>\n\n\n\n<figure class=\"wp-block-image size-large\"><img loading=\"lazy\" decoding=\"async\" width=\"1024\" height=\"768\" src=\"https:\/\/stadiapoliticatours.com\/wp-content\/uploads\/2026\/04\/image-5-1024x768.png\" alt=\"\" class=\"wp-image-329\" srcset=\"https:\/\/stadiapoliticatours.com\/wp-content\/uploads\/2026\/04\/image-5-1024x768.png 1024w, https:\/\/stadiapoliticatours.com\/wp-content\/uploads\/2026\/04\/image-5-300x225.png 300w, https:\/\/stadiapoliticatours.com\/wp-content\/uploads\/2026\/04\/image-5-768x576.png 768w, https:\/\/stadiapoliticatours.com\/wp-content\/uploads\/2026\/04\/image-5-1536x1153.png 1536w, https:\/\/stadiapoliticatours.com\/wp-content\/uploads\/2026\/04\/image-5.png 2011w\" sizes=\"auto, (max-width: 1024px) 100vw, 1024px\" \/><\/figure>\n\n\n\n<h2 class=\"wp-block-heading\"><strong>Jour 4 (Lun 31\/08)&nbsp;<\/strong><\/h2>\n\n\n\n<figure class=\"wp-block-image size-large\"><img loading=\"lazy\" decoding=\"async\" width=\"767\" height=\"1024\" src=\"https:\/\/stadiapoliticatours.com\/wp-content\/uploads\/2026\/04\/image-2-767x1024.png\" alt=\"\" class=\"wp-image-326\" srcset=\"https:\/\/stadiapoliticatours.com\/wp-content\/uploads\/2026\/04\/image-2-767x1024.png 767w, https:\/\/stadiapoliticatours.com\/wp-content\/uploads\/2026\/04\/image-2-225x300.png 225w, https:\/\/stadiapoliticatours.com\/wp-content\/uploads\/2026\/04\/image-2-768x1025.png 768w, https:\/\/stadiapoliticatours.com\/wp-content\/uploads\/2026\/04\/image-2.png 1131w\" sizes=\"auto, (max-width: 767px) 100vw, 767px\" \/><\/figure>\n\n\n\n<h3 class=\"wp-block-heading\"><strong>Chi\u0219in\u0103u : capitale fragile<\/strong><\/h3>\n\n\n\n<ul class=\"wp-block-list\">\n<li>Arriv\u00e9e \u00e0 la gare de Chisinau \u00e0 8h44&nbsp;<\/li>\n\n\n\n<li>D\u00e9p\u00f4t des bagages \u00e0 la consigne de la gare&nbsp;<\/li>\n\n\n\n<li>Tour urbain \/ repas&nbsp;<\/li>\n\n\n\n<li>Check-in h\u00f4tel&nbsp;<\/li>\n\n\n\n<li>Stade Zimbru<\/li>\n\n\n\n<li>Soir\u00e9e vins moldaves<\/li>\n<\/ul>\n\n\n\n<h2 class=\"wp-block-heading\"><strong>Jour 5 (Mar 01\/09)<\/strong><\/h2>\n\n\n\n<figure class=\"wp-block-image size-large\"><img loading=\"lazy\" decoding=\"async\" width=\"1024\" height=\"768\" src=\"https:\/\/stadiapoliticatours.com\/wp-content\/uploads\/2026\/04\/image-4-1024x768.png\" alt=\"\" class=\"wp-image-328\" srcset=\"https:\/\/stadiapoliticatours.com\/wp-content\/uploads\/2026\/04\/image-4-1024x768.png 1024w, https:\/\/stadiapoliticatours.com\/wp-content\/uploads\/2026\/04\/image-4-300x225.png 300w, https:\/\/stadiapoliticatours.com\/wp-content\/uploads\/2026\/04\/image-4-768x576.png 768w, https:\/\/stadiapoliticatours.com\/wp-content\/uploads\/2026\/04\/image-4-1536x1153.png 1536w, https:\/\/stadiapoliticatours.com\/wp-content\/uploads\/2026\/04\/image-4.png 2011w\" sizes=\"auto, (max-width: 1024px) 100vw, 1024px\" \/><\/figure>\n\n\n\n<h3 class=\"wp-block-heading\"><strong>Chi\u0219in\u0103u approfondi<\/strong><\/h3>\n\n\n\n<ul class=\"wp-block-list\">\n<li>March\u00e9 central<\/li>\n\n\n\n<li>Mus\u00e9e d\u2019histoire<\/li>\n\n\n\n<li>Discussion : roumanit\u00e9, russophonie, diaspora&nbsp;<\/li>\n\n\n\n<li>Exploration brutaliste&nbsp;<\/li>\n\n\n\n<li>[Possibilit\u00e9 d\u2019aller en Gagaouzie pour la journ\u00e9e]<\/li>\n\n\n\n<li>Pr\u00e9paration pour la Transnistrie<\/li>\n\n\n\n<li>D\u00e9part Tiraspol vers 18h<\/li>\n\n\n\n<li>Nuit \u00e0 Tiraspol&nbsp;<\/li>\n<\/ul>\n\n\n\n<h2 class=\"wp-block-heading\"><strong>Jour 6 (Mer 02\/09)<\/strong><\/h2>\n\n\n\n<figure class=\"wp-block-image size-large\"><img loading=\"lazy\" decoding=\"async\" width=\"1024\" height=\"768\" src=\"https:\/\/stadiapoliticatours.com\/wp-content\/uploads\/2026\/04\/image-6-1024x768.png\" alt=\"\" class=\"wp-image-330\" srcset=\"https:\/\/stadiapoliticatours.com\/wp-content\/uploads\/2026\/04\/image-6-1024x768.png 1024w, https:\/\/stadiapoliticatours.com\/wp-content\/uploads\/2026\/04\/image-6-300x225.png 300w, https:\/\/stadiapoliticatours.com\/wp-content\/uploads\/2026\/04\/image-6-768x576.png 768w, https:\/\/stadiapoliticatours.com\/wp-content\/uploads\/2026\/04\/image-6-1536x1153.png 1536w, https:\/\/stadiapoliticatours.com\/wp-content\/uploads\/2026\/04\/image-6.png 2011w\" sizes=\"auto, (max-width: 1024px) 100vw, 1024px\" \/><\/figure>\n\n\n\n<h3 class=\"wp-block-heading\"><strong>Tiraspol : F\u00eate de l\u2019ind\u00e9pendance&nbsp;<\/strong><\/h3>\n\n\n\n<ul class=\"wp-block-list\">\n<li>Passage de la fronti\u00e8re<\/li>\n\n\n\n<li>Tour urbain&nbsp;<\/li>\n\n\n\n<li>Echange de monnaie&nbsp;<\/li>\n\n\n\n<li>D\u00e9couverte du complexe Sheriff<\/li>\n\n\n\n<li><strong>Nuit \u00e0 Tiraspol<\/strong><\/li>\n<\/ul>\n\n\n\n<h2 class=\"wp-block-heading\"><strong>Jour 7 (Jeu 03\/09)<\/strong><\/h2>\n\n\n\n<h3 class=\"wp-block-heading\"><strong>Bender, sa forteresse et son emplacement strat\u00e9gique<\/strong><\/h3>\n\n\n\n<figure class=\"wp-block-image size-full\"><img loading=\"lazy\" decoding=\"async\" width=\"293\" height=\"220\" src=\"https:\/\/stadiapoliticatours.com\/wp-content\/uploads\/2026\/04\/image.png\" alt=\"\" class=\"wp-image-324\"\/><\/figure>\n\n\n\n<p><strong>Matin : Bender<\/strong><\/p>\n\n\n\n<ul class=\"wp-block-list\">\n<li>Forteresse (selon ouverture)<\/li>\n\n\n\n<li>Centre\u2011ville, symboles, checkpoints<\/li>\n\n\n\n<li>Discussion : r\u00f4le strat\u00e9gique de Bender<\/li>\n<\/ul>\n\n\n\n<p><strong>Apr\u00e8s\u2011midi : retour \u00e0 Tiraspol<\/strong><\/p>\n\n\n\n<ul class=\"wp-block-list\">\n<li>Temps libre ou visite compl\u00e9mentaire<\/li>\n<\/ul>\n\n\n\n<figure class=\"wp-block-image size-full\"><img loading=\"lazy\" decoding=\"async\" width=\"311\" height=\"233\" src=\"https:\/\/stadiapoliticatours.com\/wp-content\/uploads\/2026\/04\/image-1.png\" alt=\"\" class=\"wp-image-325\" srcset=\"https:\/\/stadiapoliticatours.com\/wp-content\/uploads\/2026\/04\/image-1.png 311w, https:\/\/stadiapoliticatours.com\/wp-content\/uploads\/2026\/04\/image-1-300x225.png 300w\" sizes=\"auto, (max-width: 311px) 100vw, 311px\" \/><\/figure>\n\n\n\n<h2 class=\"wp-block-heading\"><strong>Jour 8 (Ven 04\/09)<\/strong><\/h2>\n\n\n\n<ul class=\"wp-block-list\">\n<li>Retour en Moldavie ou extension du s\u00e9jour en Transnistrie.&nbsp;<\/li>\n\n\n\n<li>Possibilit\u00e9 d\u2019aller en Gagaouzie pour approfondir le c\u00f4t\u00e9 d\u2019un pays fractur\u00e9.<\/li>\n\n\n\n<li><strong>Possibilit\u00e9 d\u2019assister \u00e0 un match du Zimbru Chisinau ou du Sheriff Tiraspol, selon calendrier officiel \u00e0 para\u00eetre.<\/strong><\/li>\n\n\n\n<li><strong>Nuit Chisinau&nbsp;<\/strong><\/li>\n<\/ul>\n\n\n\n<h2 class=\"wp-block-heading\"><strong>Jour 9 (Sam 05\/09)<\/strong><\/h2>\n\n\n\n<h3 class=\"wp-block-heading\"><strong>Retour<\/strong><\/h3>\n\n\n\n<ul class=\"wp-block-list\">\n<li>D\u00e9brief final<\/li>\n\n\n\n<li>Retour vers Chi\u0219in\u0103u puis transfert a\u00e9roport<\/li>\n<\/ul>\n\n\n\n<p>R\u00c9SUM\u00c9 :&nbsp;<\/p>\n\n\n\n<p>2 nuits \u00e0 Bucarest&nbsp;<\/p>\n\n\n\n<p>1 nuit dans le train&nbsp;<\/p>\n\n\n\n<p>2 nuits \u00e0 Chisinau&nbsp;<\/p>\n\n\n\n<p>2 nuits \u00e0 Tiraspol&nbsp;<\/p>\n\n\n\n<p>1&nbsp;<\/p>\n\n\n\n<p>DIM 17\/05&nbsp;<\/p>\n\n\n\n<p>18h30 : Zimbru &#8211; Petrocub&nbsp;<\/p>\n\n\n\n<p>LUN 18\/05 : GAGAOUZIE<\/p>\n\n\n\n<p>MARDI 19\/05 : retour ?<\/p>\n","protected":false},"excerpt":{"rendered":"<p>Voyage g\u00e9opolitique et footballistique en Europe de l\u2019Est : Bucarest, Chi\u0219in\u0103u et Transnistrie (28\/08-05\/09) Pr\u00e9sentation du voyage Du 28 ao\u00fbt au 5 septembre (9j &#8211; 8 nuits) Partez pour une immersion unique en Europe de l\u2019Est, au croisement de la g\u00e9opolitique et du football. Entre Bucarest, Chi\u0219in\u0103u et la Transnistrie, vous d\u00e9couvrirez une r\u00e9gion m\u00e9connue [&hellip;]<\/p>\n","protected":false},"author":1,"featured_media":0,"parent":0,"menu_order":0,"comment_status":"closed","ping_status":"closed","template":"","meta":{"_uag_custom_page_level_css":"","footnotes":""},"class_list":["post-323","page","type-page","status-publish","hentry"],"uagb_featured_image_src":{"full":false,"thumbnail":false,"medium":false,"medium_large":false,"large":false,"1536x1536":false,"2048x2048":false},"uagb_author_info":{"display_name":"admin2278","author_link":"https:\/\/stadiapoliticatours.com\/author\/admin2278\/"},"uagb_comment_info":0,"uagb_excerpt":"Voyage g\u00e9opolitique et footballistique en Europe de l\u2019Est : Bucarest, Chi\u0219in\u0103u et Transnistrie (28\/08-05\/09) Pr\u00e9sentation du voyage Du 28 ao\u00fbt au 5 septembre (9j &#8211; 8 nuits) Partez pour une immersion unique en Europe de l\u2019Est, au croisement de la g\u00e9opolitique et du football. Entre Bucarest, Chi\u0219in\u0103u et la Transnistrie, vous d\u00e9couvrirez une r\u00e9gion m\u00e9connue\u2026","_links":{"self":[{"href":"https:\/\/stadiapoliticatours.com\/index.php\/wp-json\/wp\/v2\/pages\/323","targetHints":{"allow":["GET"]}}],"collection":[{"href":"https:\/\/stadiapoliticatours.com\/index.php\/wp-json\/wp\/v2\/pages"}],"about":[{"href":"https:\/\/stadiapoliticatours.com\/index.php\/wp-json\/wp\/v2\/types\/page"}],"author":[{"embeddable":true,"href":"https:\/\/stadiapoliticatours.com\/index.php\/wp-json\/wp\/v2\/users\/1"}],"replies":[{"embeddable":true,"href":"https:\/\/stadiapoliticatours.com\/index.php\/wp-json\/wp\/v2\/comments?post=323"}],"version-history":[{"count":4,"href":"https:\/\/stadiapoliticatours.com\/index.php\/wp-json\/wp\/v2\/pages\/323\/revisions"}],"predecessor-version":[{"id":335,"href":"https:\/\/stadiapoliticatours.com\/index.php\/wp-json\/wp\/v2\/pages\/323\/revisions\/335"}],"wp:attachment":[{"href":"https:\/\/stadiapoliticatours.com\/index.php\/wp-json\/wp\/v2\/media?parent=323"}],"curies":[{"name":"wp","href":"https:\/\/api.w.org\/{rel}","templated":true}]}}