{"id":280,"date":"2026-04-18T16:33:23","date_gmt":"2026-04-18T15:33:23","guid":{"rendered":"https:\/\/stadiapoliticatours.com\/?page_id=280"},"modified":"2026-04-18T16:54:26","modified_gmt":"2026-04-18T15:54:26","slug":"moldavie-transnistrie-25-07-au-30-07","status":"publish","type":"page","link":"https:\/\/stadiapoliticatours.com\/index.php\/moldavie-transnistrie-25-07-au-30-07\/","title":{"rendered":"Moldavie &#8211; Transnistrie (25\/07 au 30\/07)"},"content":{"rendered":"\n<h2 class=\"wp-block-heading\" id=\"2241987-id\">Pr\u00e9sentation du voyage<\/h2>\n\n\n\n<p id=\"isPasted\"><strong>Du 25 au 30 juillet.<\/strong><\/p>\n\n\n\n<p>Partez pour une exp\u00e9rience unique au c\u0153ur de l\u2019une des r\u00e9gions les plus m\u00e9connues du continent. Entre h\u00e9ritage sovi\u00e9tique, identit\u00e9s multiples et territoires non reconnus, ce voyage vous propose une plong\u00e9e fascinante entre Chi\u0219in\u0103u et Transnistrie.<\/p>\n\n\n\n<p>En partenariat avec :<a href=\"https:\/\/www.ampavoyages-selectour.fr\/\" target=\"_blank\" rel=\"noreferrer noopener\">\u00a0Ampa Voyages.<\/a><\/p>\n\n\n\n<div class=\"wp-block-buttons is-content-justification-center is-layout-flex wp-container-core-buttons-is-layout-d90bb1cf wp-block-buttons-is-layout-flex\">\n<div class=\"wp-block-button\"><a class=\"wp-block-button__link wp-element-button\" href=\"sms:+33648641050\" target=\"_blank\" rel=\"noreferrer noopener\">Int\u00e9ress\u00e9 ? Envoyez-nous un message au : 06 48 64 10 50<\/a><\/div>\n<\/div>\n\n\n\n<h2 class=\"wp-block-heading\" id=\"days-2241988-id\">Programme d\u00e9taill\u00e9 envisag\u00e9* <\/h2>\n\n\n\n<figure class=\"wp-block-image\"><img decoding=\"async\" src=\"https:\/\/beetrip-public-files.s3.eu-west-3.amazonaws.com\/pictures\/day-pictures\/2f8c4be8b0b7aab02e65c1a12fcb93a4\/9b219b50eb6c753eba21186c07249e37_1775914600.jpeg\" alt=\"day picture\"\/><\/figure>\n\n\n\n<h3 class=\"wp-block-heading\">Charleroi \u2013 Chi\u0219in\u0103u \u2013 25\/07\/2026<\/h3>\n\n\n\n<p id=\"isPasted\">Votre aventure d\u00e9bute par un vol matinal depuis Charleroi vers Chi\u0219in\u0103u.&nbsp;<\/p>\n\n\n\n<p>Compagnie Wizzair<\/p>\n\n\n\n<p>D\u00e9collage 08h20 arriv\u00e9e Chi\u0219in\u0103u \u00e0 12h05<\/p>\n\n\n\n<p>Franchise bagages : 1 petit sac et 1 bagage cabine 10 kg p\/pers<\/p>\n\n\n\n<p>\u00c0 votre arriv\u00e9e, transfert et installation \u00e0 l\u2019h\u00f4tel puis d\u00e9part pour une premi\u00e8re d\u00e9couverte de la capitale moldave.<\/p>\n\n\n\n<p>Entre architecture brutaliste, mosa\u00efques sovi\u00e9tiques et larges boulevards, laissez-vous surprendre par cette ville discr\u00e8te mais pleine de caract\u00e8re.<\/p>\n\n\n\n<p>\ud83c\udf77 En soir\u00e9e, profitez d\u2019un moment convivial autour d\u2019une&nbsp;<strong>d\u00e9gustation de vins moldaves<\/strong>, r\u00e9put\u00e9s parmi les plus anciens d\u2019Europe.<\/p>\n\n\n\n<p>Nuit Chisinau<\/p>\n\n\n\n<figure class=\"wp-block-image\"><img decoding=\"async\" src=\"https:\/\/beetrip-public-files.s3.eu-west-3.amazonaws.com\/pictures\/day-pictures\/2f8c4be8b0b7aab02e65c1a12fcb93a4\/0cbcf58c22e5c683c5dd6963294ef6b0_1775914719.jpeg\" alt=\"day picture\"\/><\/figure>\n\n\n\n<h3 class=\"wp-block-heading\">Chi\u0219in\u0103u &#8211; Tiraspol &#8211; 26\/07\/2026<\/h3>\n\n\n\n<p id=\"isPasted\">La matin\u00e9e permet d\u2019explorer davantage Chi\u0219in\u0103u \u00e0 travers ses lieux embl\u00e9matiques. Une visite du&nbsp;<strong>march\u00e9 central<\/strong>&nbsp;offre un aper\u00e7u vivant du quotidien local, suivie \u00e9ventuellement du mus\u00e9e d\u2019histoire pour mieux comprendre les grandes \u00e9tapes du pays.<\/p>\n\n\n\n<p>Des temps d\u2019\u00e9change sont pr\u00e9vus autour de th\u00e9matiques cl\u00e9s : identit\u00e9 moldave, rapports entre roumanit\u00e9 et russophonie, ainsi que le r\u00f4le de la diaspora.<\/p>\n\n\n\n<p>Dans l\u2019apr\u00e8s-midi, d\u00e9part pour la Transnistrie, territoire s\u00e9paratiste aux portes de la Moldavie. Le passage de la fronti\u00e8re constitue une exp\u00e9rience \u00e0 part enti\u00e8re. \u00c0 l\u2019arriv\u00e9e \u00e0 Tiraspol, un premier tour urbain permet de se familiariser avec l\u2019atmosph\u00e8re unique du lieu, suivi d\u2019un \u00e9change de monnaie locale.<\/p>\n\n\n\n<p>Nuit \u00e0 Tiraspol.<\/p>\n\n\n\n<figure class=\"wp-block-image\"><img decoding=\"async\" src=\"https:\/\/beetrip-public-files.s3.eu-west-3.amazonaws.com\/pictures\/day-pictures\/2f8c4be8b0b7aab02e65c1a12fcb93a4\/d77b0fc312281f4870d39e27d3ffe896_1775914922.jpeg\" alt=\"day picture\"\/><\/figure>\n\n\n\n<h3 class=\"wp-block-heading\">Tiraspol :  &#8211; 27\/07\/2026<\/h3>\n\n\n\n<p id=\"isPasted\">Cette journ\u00e9e co\u00efncide avec le 9 mai, date majeure dans l\u2019espace post-sovi\u00e9tique, comm\u00e9morant la victoire de 1945. \u00c0 Tiraspol, les c\u00e9l\u00e9brations donnent lieu \u00e0 une atmosph\u00e8re particuli\u00e8re, entre m\u00e9moire, patriotisme et mise en sc\u00e8ne.<\/p>\n\n\n\n<p>Participation aux festivit\u00e9s (d\u00e9fil\u00e9 militaire selon programmation), puis d\u00e9couverte approfondie de la ville et de ses principaux monuments embl\u00e9matiques.<\/p>\n\n\n\n<p>Un passage dans une boutique de souvenirs permet de rapporter quelques objets typiques, avant un moment de d\u00e9tente sur les bords du Dniestr, parfois appel\u00e9s la \u00ab plage \u00bb de Tiraspol.<\/p>\n\n\n\n<p>Nuit \u00e0 Tiraspol.<\/p>\n\n\n\n<figure class=\"wp-block-image\"><img decoding=\"async\" src=\"https:\/\/beetrip-public-files.s3.eu-west-3.amazonaws.com\/pictures\/day-pictures\/2f8c4be8b0b7aab02e65c1a12fcb93a4\/579e6be8acf719cc715543b2d88b2f18_1775915029.jpeg\" alt=\"day picture\"\/><\/figure>\n\n\n\n<h3 class=\"wp-block-heading\">Bender : carrefour strat\u00e9gique et h\u00e9ritage militaire &#8211; 28\/07\/2026<\/h3>\n\n\n\n<p id=\"isPasted\">La matin\u00e9e est consacr\u00e9e \u00e0 la ville de Bender, situ\u00e9e sur la rive droite du Dniestr. La visite de sa forteresse (selon ouverture) permet de comprendre son importance historique et strat\u00e9gique.<\/p>\n\n\n\n<p>Une exploration du centre-ville met en lumi\u00e8re les symboles politiques et les checkpoints qui t\u00e9moignent de la situation particuli\u00e8re de la r\u00e9gion. Un temps d\u2019\u00e9change est pr\u00e9vu autour du r\u00f4le g\u00e9opolitique de Bender.<\/p>\n\n\n\n<p>Le d\u00e9jeuner se fait dans une ambiance locale, dans une cantine de style sovi\u00e9tique.<\/p>\n\n\n\n<p>Retour \u00e0 Tiraspol dans l\u2019apr\u00e8s-midi, avec un temps libre ou une visite optionnelle, comme celle de la c\u00e9l\u00e8bre distillerie KVINT.<\/p>\n\n\n\n<p>En soir\u00e9e, d\u00e9part pour le stade afin d\u2019assister au match de football opposant le FC Sheriff Tiraspol au FC Zimbru Chi\u0219in\u0103u (horaire \u00e0 confirmer).<\/p>\n\n\n\n<p>Nuit \u00e0 Tiraspol.<\/p>\n\n\n\n<figure class=\"wp-block-image\"><img decoding=\"async\" src=\"https:\/\/beetrip-public-files.s3.eu-west-3.amazonaws.com\/pictures\/day-pictures\/2f8c4be8b0b7aab02e65c1a12fcb93a4\/651fea6718c0fb3729da4010fa2522a2_1775915087.jpeg\" alt=\"day picture\"\/><\/figure>\n\n\n\n<h3 class=\"wp-block-heading\">Retour vers Chi\u0219in\u0103u &#8211; 29\/07\/2026<\/h3>\n\n\n\n<p id=\"isPasted\">Retour \u00e0 Chi\u0219in\u0103u dans la journ\u00e9e. Un d\u00e9jeuner ou d\u00eener commun est envisag\u00e9 dans un restaurant traditionnel tel que La Pl\u0103cinte, afin de partager un dernier moment convivial autour de la gastronomie locale.<\/p>\n\n\n\n<p>La journ\u00e9e se conclut par un temps de bilan et d\u2019\u00e9change sur les exp\u00e9riences v\u00e9cues durant le s\u00e9jour.<\/p>\n\n\n\n<p>Nuit \u00e0 Chi\u0219in\u0103u.<\/p>\n\n\n\n<figure class=\"wp-block-image\"><img decoding=\"async\" src=\"https:\/\/beetrip-public-files.s3.eu-west-3.amazonaws.com\/pictures\/day-pictures\/2f8c4be8b0b7aab02e65c1a12fcb93a4\/bbe8108402080510ea182f82ef85c7ef_1775915245.jpeg\" alt=\"day picture\"\/><\/figure>\n\n\n\n<h3 class=\"wp-block-heading\">Chi\u0219in\u0103u &#8211; Charleroi &#8211; 30\/07\/2026<\/h3>\n\n\n\n<p>Transfert vers l&rsquo;a\u00e9roport de Chi\u0219in\u0103u.<\/p>\n\n\n\n<p>D\u00e9collage 05h45 Charleroi 07h45<\/p>\n\n\n\n<h2 class=\"wp-block-heading\" id=\"2241989-id\">Tarifs \u00e0 partir de 850 \u20ac p\/pers base chambre double &#8211; 10 participants minimum<\/h2>\n\n\n\n<p><strong>Ce prix comprend :<\/strong><\/p>\n\n\n\n<p>Les vols sur compagnie Wizzair<\/p>\n\n\n\n<p>Les h\u00e9bergements base chambre double avec petits d\u00e9jeuners<\/p>\n\n\n\n<p>L&rsquo;accompagnement francophone&nbsp;<\/p>\n\n\n\n<p>Les transferts indiqu\u00e9s dans le programme<\/p>\n\n\n\n<p>Les visites pr\u00e9vues au programme<\/p>\n\n\n\n<p>Les billets d&rsquo;un match de foot en fonction de la programmation.<\/p>\n\n\n\n<p><strong>Ne comprend pas :<\/strong><\/p>\n\n\n\n<p>Les d\u00e9penses personnelles<\/p>\n\n\n\n<p>Les entr\u00e9es&nbsp;<\/p>\n\n\n\n<p>La hausse \u00e9ventuelle des tarifs a\u00e9riens<\/p>\n\n\n\n<p>L&rsquo;assurance annulation multirisque 39 \u20ac p\/pers<\/p>\n\n\n\n<h2 class=\"wp-block-heading\" id=\"2241990-id\">INFORMATIONS PRATIQUES<\/h2>\n\n\n\n<p><strong>Formalit\u00e9s&nbsp;d&rsquo;entr\u00e9e :&nbsp;passeport&nbsp;individuel&nbsp;fran\u00e7ais&nbsp;en cours de validit\u00e9&nbsp;<br><\/strong><strong><\/strong><\/p>\n\n\n\n<p><strong>PAIEMENTS EN TRANSNISTRIE :&nbsp;<\/strong><\/p>\n\n\n\n<p><strong>La monnaie est le rouble transnistrien. Son taux de change avec le lei moldave est quasiment 1-1. L\u2019id\u00e9al est de ramener des billets d\u2019\u20ac en esp\u00e8ces (en bonne condition) que nous changerons en lei moldaves puis en roubles transnistriens.&nbsp;<\/strong><\/p>\n\n\n\n<p><strong>Attention ! Les CB occidentales (Visa\/Mastercard) ne fonctionnent pas en Transnistrie. Il faut donc pr\u00e9voir assez d\u2019argent en esp\u00e8ces pour les 2,5 jours en Transnistrie. La vie n\u2019est pas tr\u00e8s ch\u00e8re : un budget de 50\u20ac par jour est tr\u00e8s confortable.<\/strong><\/p>\n\n\n\n<p><strong>INTERNET : la Moldavie fait d\u00e9sormais partie de la zone europ\u00e9enne \u201croaming gratuit\u201d, donc vous pourrez naviguer et communiquer avec votre forfait selon les conditions de votre op\u00e9rateur \u00e0 Chi\u0219in\u0103u.<\/strong><\/p>\n\n\n\n<p><strong>En Transnistrie, c\u2019est un peu plus compliqu\u00e9 puisque les op\u00e9rateurs moldaves n\u2019ont pas le droit d\u2019installer leurs antennes. \u00c0 Bender vous aurez probablement un peu d\u2019Internet. \u00c0 Tiraspol beaucoup moins.&nbsp;<\/strong><\/p>\n\n\n\n<p><strong>Acheter une SIM locale de l\u2019op\u00e9rateur IDC est faisable mais un peu compliqu\u00e9. Les parcs de Tiraspol ont des r\u00e9seaux Wifi ouverts pour les visiteurs avec 30 min gratuites d\u2019internet par jour.&nbsp;<\/strong><\/p>\n\n\n\n<p><strong>Les caf\u00e9s \/ restos ont des r\u00e9seaux Wifi gratuits pour faire des pauses stories ^^.&nbsp;<\/strong><\/p>\n\n\n\n<p><strong>L\u2019h\u00f4tel aura \u00e9galement le Wi-Fi gratuit.<\/strong><\/p>\n\n\n\n<p><strong>Pour pr\u00e9voir votre budget, voici quelques exemples de prix de la vie courante.<\/strong><\/p>\n\n\n\n<p><strong>SOUVENIRS :&nbsp;<\/strong><\/p>\n\n\n\n<ul class=\"wp-block-list\">\n<li><strong>un grand drapeau co\u00fbte environ : 10-15\u20ac<\/strong><\/li>\n\n\n\n<li><strong>un mug \u00e0 l\u2019effigie de Vladimir Poutine : 5\u20ac<\/strong><\/li>\n\n\n\n<li><strong>une poster de la Transnistrie : environ 1\u20ac<\/strong><\/li>\n\n\n\n<li><strong>un magnet : 1\u20ac<\/strong><\/li>\n\n\n\n<li><strong>un maillot officiel du Sheriff Tiraspol : 70\u20ac&nbsp;<\/strong><\/li>\n<\/ul>\n\n\n\n<p><strong>D\u00c9PENSES COURANTES : &nbsp;<\/strong><\/p>\n\n\n\n<ul class=\"wp-block-list\">\n<li><strong>1 gobelet de Kvaz (boisson typique locale) : 1\u20ac<\/strong><\/li>\n\n\n\n<li><strong>1 caf\u00e9 \u00e0 emporter : 1\u20ac<\/strong><\/li>\n\n\n\n<li><strong>1 donut ou 1 part de cake dans un caf\u00e9 : 1,30\u20ac&nbsp;<\/strong><\/li>\n\n\n\n<li><strong>1 bi\u00e8re : 2\u20ac<\/strong><\/li>\n\n\n\n<li><strong>1 repas dans un resto : 10\u20ac<\/strong><\/li>\n<\/ul>\n\n\n\n<p><strong>Vous pouvez pr\u00e9voir un maillot de bain, le climat est assez chaud et humide et vous pourriez \u00eatre tent\u00e9 de passer un moment sur la plage et de piquer une t\u00eate dans le fleuve pour vous rafra\u00eechir. Test\u00e9 et approuv\u00e9.&nbsp;<\/strong><\/p>\n\n\n\n<h2 class=\"wp-block-heading\" id=\"2241991-id\">H\u00c9BERGEMENTS<\/h2>\n\n\n\n<p>Chisinau : TA COLLECTION ou similaire<\/p>\n\n\n\n<p>Tiraspol : CITY CLUB ou similaire<\/p>\n\n\n\n<div class=\"wp-block-buttons is-content-justification-center is-layout-flex wp-container-core-buttons-is-layout-d90bb1cf wp-block-buttons-is-layout-flex\">\n<div class=\"wp-block-button\"><a class=\"wp-block-button__link wp-element-button\" href=\"sms:+33648641050\" target=\"_blank\" rel=\"noreferrer noopener\">Int\u00e9ress\u00e9 ? Contactez-nous : 06 48 64 10 50<\/a><\/div>\n<\/div>\n\n\n\n<p><\/p>\n","protected":false},"excerpt":{"rendered":"<p>Pr\u00e9sentation du voyage Du 25 au 30 juillet. Partez pour une exp\u00e9rience unique au c\u0153ur de l\u2019une des r\u00e9gions les plus m\u00e9connues du continent. Entre h\u00e9ritage sovi\u00e9tique, identit\u00e9s multiples et territoires non reconnus, ce voyage vous propose une plong\u00e9e fascinante entre Chi\u0219in\u0103u et Transnistrie. En partenariat avec :\u00a0Ampa Voyages. Programme d\u00e9taill\u00e9 envisag\u00e9* Charleroi \u2013 Chi\u0219in\u0103u [&hellip;]<\/p>\n","protected":false},"author":1,"featured_media":0,"parent":0,"menu_order":0,"comment_status":"closed","ping_status":"closed","template":"","meta":{"_uag_custom_page_level_css":"","footnotes":""},"class_list":["post-280","page","type-page","status-publish","hentry"],"uagb_featured_image_src":{"full":false,"thumbnail":false,"medium":false,"medium_large":false,"large":false,"1536x1536":false,"2048x2048":false},"uagb_author_info":{"display_name":"admin2278","author_link":"https:\/\/stadiapoliticatours.com\/index.php\/author\/admin2278\/"},"uagb_comment_info":0,"uagb_excerpt":"Pr\u00e9sentation du voyage Du 25 au 30 juillet. Partez pour une exp\u00e9rience unique au c\u0153ur de l\u2019une des r\u00e9gions les plus m\u00e9connues du continent. Entre h\u00e9ritage sovi\u00e9tique, identit\u00e9s multiples et territoires non reconnus, ce voyage vous propose une plong\u00e9e fascinante entre Chi\u0219in\u0103u et Transnistrie. En partenariat avec :\u00a0Ampa Voyages. Programme d\u00e9taill\u00e9 envisag\u00e9* Charleroi \u2013 Chi\u0219in\u0103u\u2026","_links":{"self":[{"href":"https:\/\/stadiapoliticatours.com\/index.php\/wp-json\/wp\/v2\/pages\/280","targetHints":{"allow":["GET"]}}],"collection":[{"href":"https:\/\/stadiapoliticatours.com\/index.php\/wp-json\/wp\/v2\/pages"}],"about":[{"href":"https:\/\/stadiapoliticatours.com\/index.php\/wp-json\/wp\/v2\/types\/page"}],"author":[{"embeddable":true,"href":"https:\/\/stadiapoliticatours.com\/index.php\/wp-json\/wp\/v2\/users\/1"}],"replies":[{"embeddable":true,"href":"https:\/\/stadiapoliticatours.com\/index.php\/wp-json\/wp\/v2\/comments?post=280"}],"version-history":[{"count":7,"href":"https:\/\/stadiapoliticatours.com\/index.php\/wp-json\/wp\/v2\/pages\/280\/revisions"}],"predecessor-version":[{"id":293,"href":"https:\/\/stadiapoliticatours.com\/index.php\/wp-json\/wp\/v2\/pages\/280\/revisions\/293"}],"wp:attachment":[{"href":"https:\/\/stadiapoliticatours.com\/index.php\/wp-json\/wp\/v2\/media?parent=280"}],"curies":[{"name":"wp","href":"https:\/\/api.w.org\/{rel}","templated":true}]}}