{"id":2,"date":"2026-02-05T23:13:45","date_gmt":"2026-02-05T23:13:45","guid":{"rendered":"http:\/\/stadiapoliticatours.com\/?page_id=2"},"modified":"2026-04-01T18:13:25","modified_gmt":"2026-04-01T17:13:25","slug":"qui-est-stadiapolitica-tours","status":"publish","type":"page","link":"https:\/\/stadiapoliticatours.com\/index.php\/qui-est-stadiapolitica-tours\/","title":{"rendered":"Qui est StadiaPolitica Tours ?"},"content":{"rendered":"\n<p><strong>StadiaPolitica Tours<\/strong> con\u00e7oit des voyages d\u2019immersion au croisement de l\u2019urbanisme, de la g\u00e9opolitique et du football. Je suis <strong>travel planner et accompagnateur sp\u00e9cialis\u00e9<\/strong> : j\u2019imagine les itin\u00e9raires, j\u2019apporte le contexte historique et politique, et j\u2019accompagne les groupes sur le terrain pour donner du sens aux lieux visit\u00e9s.<\/p>\n\n\n\n<p>StadiaPolitica Tours <strong>n\u2019est pas une agence de voyage<\/strong>. La commercialisation et l\u2019organisation technique des s\u00e9jours sont assur\u00e9es par <strong><a href=\"https:\/\/www.ampavoyages-selectour.fr\/\" data-type=\"link\" data-id=\"https:\/\/www.ampavoyages-selectour.fr\/\">Selectour Ampa Voyages<\/a><\/strong>, <strong>agence de voyage partenaire, immatricul\u00e9e Atout France<\/strong>, garantissant un cadre l\u00e9gal et s\u00e9curis\u00e9.<\/p>\n\n\n\n<p>Mon objectif : offrir des voyages qui racontent les villes, leurs fractures, leurs stades, leurs m\u00e9moires \u2014 et permettre \u00e0 chacun de comprendre un territoire autrement.<\/p>\n\n\n\n<p><\/p>\n","protected":false},"excerpt":{"rendered":"<p>StadiaPolitica Tours con\u00e7oit des voyages d\u2019immersion au croisement de l\u2019urbanisme, de la g\u00e9opolitique et du football. Je suis travel planner et accompagnateur sp\u00e9cialis\u00e9 : j\u2019imagine les itin\u00e9raires, j\u2019apporte le contexte historique et politique, et j\u2019accompagne les groupes sur le terrain pour donner du sens aux lieux visit\u00e9s. StadiaPolitica Tours n\u2019est pas une agence de voyage. [&hellip;]<\/p>\n","protected":false},"author":1,"featured_media":0,"parent":0,"menu_order":0,"comment_status":"closed","ping_status":"open","template":"","meta":{"_uag_custom_page_level_css":"","footnotes":""},"class_list":["post-2","page","type-page","status-publish","hentry"],"uagb_featured_image_src":{"full":false,"thumbnail":false,"medium":false,"medium_large":false,"large":false,"1536x1536":false,"2048x2048":false},"uagb_author_info":{"display_name":"admin2278","author_link":"https:\/\/stadiapoliticatours.com\/index.php\/author\/admin2278\/"},"uagb_comment_info":0,"uagb_excerpt":"StadiaPolitica Tours con\u00e7oit des voyages d\u2019immersion au croisement de l\u2019urbanisme, de la g\u00e9opolitique et du football. Je suis travel planner et accompagnateur sp\u00e9cialis\u00e9 : j\u2019imagine les itin\u00e9raires, j\u2019apporte le contexte historique et politique, et j\u2019accompagne les groupes sur le terrain pour donner du sens aux lieux visit\u00e9s. StadiaPolitica Tours n\u2019est pas une agence de voyage.\u2026","_links":{"self":[{"href":"https:\/\/stadiapoliticatours.com\/index.php\/wp-json\/wp\/v2\/pages\/2","targetHints":{"allow":["GET"]}}],"collection":[{"href":"https:\/\/stadiapoliticatours.com\/index.php\/wp-json\/wp\/v2\/pages"}],"about":[{"href":"https:\/\/stadiapoliticatours.com\/index.php\/wp-json\/wp\/v2\/types\/page"}],"author":[{"embeddable":true,"href":"https:\/\/stadiapoliticatours.com\/index.php\/wp-json\/wp\/v2\/users\/1"}],"replies":[{"embeddable":true,"href":"https:\/\/stadiapoliticatours.com\/index.php\/wp-json\/wp\/v2\/comments?post=2"}],"version-history":[{"count":3,"href":"https:\/\/stadiapoliticatours.com\/index.php\/wp-json\/wp\/v2\/pages\/2\/revisions"}],"predecessor-version":[{"id":187,"href":"https:\/\/stadiapoliticatours.com\/index.php\/wp-json\/wp\/v2\/pages\/2\/revisions\/187"}],"wp:attachment":[{"href":"https:\/\/stadiapoliticatours.com\/index.php\/wp-json\/wp\/v2\/media?parent=2"}],"curies":[{"name":"wp","href":"https:\/\/api.w.org\/{rel}","templated":true}]}}